{"id":1231,"date":"2019-07-09T17:27:28","date_gmt":"2019-07-09T15:27:28","guid":{"rendered":"http:\/\/www.maitea.es\/uso-de-cookies\/"},"modified":"2019-07-09T17:29:04","modified_gmt":"2019-07-09T15:29:04","slug":"us-de-cookies","status":"publish","type":"page","link":"http:\/\/www.maitea.es\/ca\/us-de-cookies\/","title":{"rendered":"Us de Cookies"},"content":{"rendered":"<h4 style=\"text-align: center;\">\u00das de Cookies<\/h4>\n<p>&nbsp;<\/p>\n<p>Aquest lloc web de pot utilitzar cookies t\u00e8cniques (petits arxius d&#8217;informaci\u00f3 que el servidor envia a l&#8217;ordinador de qui accedeix a la p\u00e0gina) per a dur a terme determinades funcions que s\u00f3n considerades imprescindibles per al correcte funcionament i visualitzaci\u00f3 del lloc. Les cookies utilitzades tenen, en tot cas, car\u00e0cter temporal, amb l&#8217;\u00fanica finalitat de fer m\u00e9s efica\u00e7 la navegaci\u00f3, i desapareixen en acabar la sessi\u00f3 de l&#8217;usuari. En cap cas, aquestes cookies proporcionen per si mateixes dades de car\u00e0cter personal i no s&#8217;utilitzaran per a la recollida d&#8217;aquests.<\/p>\n<p>&nbsp;<\/p>\n<p>Mitjan\u00e7ant l&#8217;\u00fas de cookies tamb\u00e9 \u00e9s possible que el servidor on es troba la web reconegui el navegador utilitzat per l&#8217;usuari amb la finalitat que la navegaci\u00f3 sigui m\u00e9s senzilla, permetent, per exemple, l&#8217;acc\u00e9s dels usuaris que s&#8217;hagin registrat pr\u00e8viament a les \u00e0rees, serveis, promocions o concursos reservats exclusivament a ells sense haver de registrar-se en cada visita. Tamb\u00e9 es poden utilitzar per a mesurar l&#8217;audi\u00e8ncia, par\u00e0metres de tr\u00e0nsit, controlar el progr\u00e9s i nombre d&#8217;entrades, etc, sent en aquests casos cookies prescindibles t\u00e8cnicament per\u00f2 beneficioses per a l&#8217;usuari. Aquest lloc web no instal\u00b7lar\u00e0 cookies prescindibles sense el consentiment previ de l&#8217;usuari.<\/p>\n<p>&nbsp;<\/p>\n<p>Aquest lloc web utilitza cookies anal\u00edtiques (_gao _utm)\u00a0propietat de Google\u00a0Analytics, persistents durant 2 anys, per a habilitar la funci\u00f3 de control de visites \u00faniques amb la finalitat de facilitar-li la seva navegaci\u00f3. A tot usuari que visita la web se l&#8217;informa de l&#8217;\u00fas d&#8217;aquestes cookies mitjan\u00e7ant un\u00a0baner\u00a0flotant, considerant que si continua navegant est\u00e0 d&#8217;acord amb el seu \u00fas. En el cas d&#8217;acceptar el seu \u00fas el b\u00e0ner desapareixer\u00e0, encara que en tot moment podr\u00e0 revocar el consentiment i obtenir m\u00e9s informaci\u00f3 consultant la nostra Pol\u00edtica de cookies.<br \/>\nL&#8217;usuari t\u00e9 la possibilitat de configurar el seu navegador per a ser alertat de la recepci\u00f3 de cookies i per a impedir la seva instal\u00b7laci\u00f3 en el seu equip. Si us plau, consulti les instruccions del seu navegador per a ampliar aquesta informaci\u00f3.<\/p>\n<p>&nbsp;<\/p>\n<h4 style=\"text-align: center;\">Pol\u00edtica d&#8217;enlla\u00e7os<\/h4>\n<p>&nbsp;<\/p>\n<p>Des del lloc web, \u00e9s possible que es redirigeixi a continguts de tercers llocs web. At\u00e8s que el RESPONSABLE no pot controlar sempre els continguts introdu\u00efts pels tercers en els seus respectius llocs web, no assumeix cap mena de responsabilitat respecte a aquests continguts. En tot cas, procedir\u00e0 a la retirada immediata de qualsevol contingut que pogu\u00e9s contravenir la legislaci\u00f3 nacional o internacional, la moral o l&#8217;ordre p\u00fablic, procedint a la retirada immediata de la redirecci\u00f3 a aquest lloc web, posant en coneixement de les autoritats competents el contingut en q\u00fcesti\u00f3.<\/p>\n<p>&nbsp;<\/p>\n<p>El RESPONSABLE no es fa responsable de la informaci\u00f3 i continguts emmagatzemats, a t\u00edtol enunciatiu per\u00f2 no limitatiu, en f\u00f2rums, xats, generadors de blogs, comentaris, xarxes socials o qualsevol altre mitj\u00e0 que permeti a tercers publicar continguts de forma independent en la p\u00e0gina web del RESPONSABLE. No obstant aix\u00f2, i en compliment del que es disposa en els articles 11 i 16 de la\u00a0LSSICE, es posa a la disposici\u00f3 de tots els usuaris, autoritats i forces de seguretat, col\u00b7laborant de forma activa en la retirada o, si escau, bloqueig de tots aquells continguts que puguin afectar o contravenir la legislaci\u00f3 nacional o internacional, els drets de tercers o la moral i l&#8217;ordre p\u00fablic. En cas que l&#8217;usuari consideri que existeix en el lloc web algun contingut que pogu\u00e9s ser susceptible d&#8217;aquesta classificaci\u00f3, es prega el notifiqui de forma immediata a l&#8217;administrador del lloc web.<\/p>\n<p>&nbsp;<\/p>\n<p>Aquest lloc web ha estat revisat i provat perqu\u00e8 funcioni correctament. En principi, pot garantir-se el correcte funcionament els 365 dies de l&#8217;any, 24 hores al dia. No obstant aix\u00f2, el RESPONSABLE no descarta la possibilitat que existeixin certs errors de programaci\u00f3, o que esdevinguin causes de for\u00e7a major, cat\u00e0strofes naturals, vagues o circumst\u00e0ncies semblants que facin impossible l&#8217;acc\u00e9s a la p\u00e0gina web.<\/p>\n<p>&nbsp;<\/p>\n<h4 style=\"text-align: center;\">Adreces IP<\/h4>\n<p>&nbsp;<\/p>\n<p>Els servidors del lloc web podran detectar de manera autom\u00e0tica l&#8217;adre\u00e7a IP i el nom de domini utilitzats per l&#8217;usuari. Una adre\u00e7a IP \u00e9s un n\u00famero assignat autom\u00e0ticament a un ordinador quan aquest es connecta a Internet. Tota aquesta informaci\u00f3 \u00e9s registrada en un fitxer d&#8217;activitat del servidor degudament inscrit que permet el posterior processament de les dades amb la finalitat d&#8217;obtenir mesuraments \u00fanicament estad\u00edstics que permetin con\u00e8ixer el nombre d&#8217;impressions de p\u00e0gines, el nombre de visites realitzades als servidors web, l&#8217;ordre de visites, el punt d&#8217;acc\u00e9s, etc.<\/p>\n<p>&nbsp;<\/p>\n","protected":false},"excerpt":{"rendered":"<p>\u00das de Cookies &nbsp; Aquest lloc web de pot utilitzar cookies t\u00e8cniques (petits arxius d&#8217;informaci\u00f3 que el servidor envia a l&#8217;ordinador de qui accedeix a la p\u00e0gina) per a dur a terme determinades funcions que s\u00f3n considerades imprescindibles per al correcte funcionament i visualitzaci\u00f3 del&#8230;<\/p>\n","protected":false},"author":1,"featured_media":0,"parent":0,"menu_order":0,"comment_status":"closed","ping_status":"closed","template":"","meta":{"footnotes":""},"class_list":["post-1231","page","type-page","status-publish","hentry"],"_links":{"self":[{"href":"http:\/\/www.maitea.es\/ca\/wp-json\/wp\/v2\/pages\/1231","targetHints":{"allow":["GET"]}}],"collection":[{"href":"http:\/\/www.maitea.es\/ca\/wp-json\/wp\/v2\/pages"}],"about":[{"href":"http:\/\/www.maitea.es\/ca\/wp-json\/wp\/v2\/types\/page"}],"author":[{"embeddable":true,"href":"http:\/\/www.maitea.es\/ca\/wp-json\/wp\/v2\/users\/1"}],"replies":[{"embeddable":true,"href":"http:\/\/www.maitea.es\/ca\/wp-json\/wp\/v2\/comments?post=1231"}],"version-history":[{"count":0,"href":"http:\/\/www.maitea.es\/ca\/wp-json\/wp\/v2\/pages\/1231\/revisions"}],"wp:attachment":[{"href":"http:\/\/www.maitea.es\/ca\/wp-json\/wp\/v2\/media?parent=1231"}],"curies":[{"name":"wp","href":"https:\/\/api.w.org\/{rel}","templated":true}]}}