{"id":851,"date":"2019-07-01T12:15:05","date_gmt":"2019-07-01T10:15:05","guid":{"rendered":"http:\/\/www.maitea.es\/?page_id=851"},"modified":"2024-01-31T22:20:46","modified_gmt":"2024-01-31T21:20:46","slug":"grups","status":"publish","type":"page","link":"http:\/\/www.maitea.es\/ca\/grups\/","title":{"rendered":"GRUPS"},"content":{"rendered":"<p>[vc_row css_animation=&#8221;&#8221; row_type=&#8221;row&#8221; use_row_as_full_screen_section=&#8221;no&#8221; type=&#8221;full_width&#8221; angled_section=&#8221;no&#8221; text_align=&#8221;left&#8221; background_image_as_pattern=&#8221;without_pattern&#8221;][vc_column][vc_column_text]<\/p>\n<h4 style=\"text-align: center;\">Ens encanten les visites amb for\u00e7a colla.<\/h4>\n<p>[\/vc_column_text][vc_empty_space height=&#8221;10px&#8221;][vc_column_text]<\/p>\n<p style=\"text-align: center;\">Podem preparar taules grans de fins a 45 comensals.<\/p>\n<p style=\"text-align: center;\">Si en sou m\u00e9s prapararem m\u00e9s taules. Els men\u00fas de grup s\u00f3n per a taula completa.<\/p>\n<p style=\"text-align: center;\">Els podem tractar d&#8217;adaptar per a vegetarians i cel\u00edacs.<\/p>\n<p>[\/vc_column_text][\/vc_column][\/vc_row][vc_row css_animation=&#8221;&#8221; row_type=&#8221;row&#8221; use_row_as_full_screen_section=&#8221;no&#8221; type=&#8221;full_width&#8221; angled_section=&#8221;no&#8221; text_align=&#8221;left&#8221; background_image_as_pattern=&#8221;without_pattern&#8221;][vc_column][vc_empty_space height=&#8221;50px&#8221;][\/vc_column][\/vc_row][vc_row css_animation=&#8221;&#8221; row_type=&#8221;row&#8221; use_row_as_full_screen_section=&#8221;no&#8221; type=&#8221;full_width&#8221; angled_section=&#8221;no&#8221; text_align=&#8221;left&#8221; background_image_as_pattern=&#8221;without_pattern&#8221;][vc_column width=&#8221;1\/2&#8243; el_class=&#8221;contenedor_card_carta&#8221;][vc_single_image image=&#8221;2655&#8243; img_size=&#8221;medium&#8221; alignment=&#8221;center&#8221; qode_css_animation=&#8221;&#8221;][vc_row_inner row_type=&#8221;row&#8221; type=&#8221;full_width&#8221; text_align=&#8221;left&#8221; css_animation=&#8221;&#8221; el_class=&#8221;card_cartas&#8221;][vc_column_inner][vc_column_text el_class=&#8221;caja_texto_card_cartas&#8221;]<\/p>\n<h4 style=\"text-align: center;\">Men\u00fas de grup<\/h4>\n<p class=\"boton\" style=\"text-align: center;\"><a href=\"https:\/\/www.maitea.es\/wp-content\/uploads\/Grupos_esp.pdf\">Descarrega<\/a><\/p>\n<p>[\/vc_column_text][\/vc_column_inner][\/vc_row_inner][\/vc_column][vc_column width=&#8221;1\/2&#8243; el_class=&#8221;contenedor_card_carta&#8221;][vc_single_image image=&#8221;2593&#8243; img_size=&#8221;medium&#8221; alignment=&#8221;center&#8221; qode_css_animation=&#8221;&#8221;][vc_row_inner row_type=&#8221;row&#8221; type=&#8221;full_width&#8221; text_align=&#8221;left&#8221; css_animation=&#8221;&#8221; el_class=&#8221;card_cartas&#8221;][vc_column_inner][vc_column_text el_class=&#8221;caja_texto_card_cartas&#8221;]<\/p>\n<h4><\/h4>\n<h4 style=\"text-align: center;\"><span style=\"color: #000000;\">Taules Grans<\/span><\/h4>\n<p class=\"boton\" style=\"text-align: center;\">+ info\u00a0 \u00a093 439 51 07<\/p>\n<p>[\/vc_column_text][\/vc_column_inner][\/vc_row_inner][\/vc_column][\/vc_row][vc_row css_animation=&#8221;&#8221; row_type=&#8221;row&#8221; use_row_as_full_screen_section=&#8221;no&#8221; type=&#8221;full_width&#8221; angled_section=&#8221;no&#8221; text_align=&#8221;left&#8221; background_image_as_pattern=&#8221;without_pattern&#8221;][vc_column][vc_empty_space height=&#8221;50px&#8221;][\/vc_column][\/vc_row]<\/p>\n","protected":false},"excerpt":{"rendered":"<p>[vc_row css_animation=&#8221;&#8221; row_type=&#8221;row&#8221; use_row_as_full_screen_section=&#8221;no&#8221; type=&#8221;full_width&#8221; angled_section=&#8221;no&#8221; text_align=&#8221;left&#8221; background_image_as_pattern=&#8221;without_pattern&#8221;][vc_column][vc_column_text] Ens encanten les visites amb for\u00e7a colla. [\/vc_column_text][vc_empty_space height=&#8221;10px&#8221;][vc_column_text] Podem preparar taules grans de fins a 45 comensals. Si en sou m\u00e9s prapararem m\u00e9s taules. Els men\u00fas de grup s\u00f3n per a taula completa. Els podem tractar&#8230;<\/p>\n","protected":false},"author":1,"featured_media":0,"parent":0,"menu_order":0,"comment_status":"closed","ping_status":"closed","template":"","meta":{"footnotes":""},"class_list":["post-851","page","type-page","status-publish","hentry"],"_links":{"self":[{"href":"http:\/\/www.maitea.es\/ca\/wp-json\/wp\/v2\/pages\/851","targetHints":{"allow":["GET"]}}],"collection":[{"href":"http:\/\/www.maitea.es\/ca\/wp-json\/wp\/v2\/pages"}],"about":[{"href":"http:\/\/www.maitea.es\/ca\/wp-json\/wp\/v2\/types\/page"}],"author":[{"embeddable":true,"href":"http:\/\/www.maitea.es\/ca\/wp-json\/wp\/v2\/users\/1"}],"replies":[{"embeddable":true,"href":"http:\/\/www.maitea.es\/ca\/wp-json\/wp\/v2\/comments?post=851"}],"version-history":[{"count":4,"href":"http:\/\/www.maitea.es\/ca\/wp-json\/wp\/v2\/pages\/851\/revisions"}],"predecessor-version":[{"id":2659,"href":"http:\/\/www.maitea.es\/ca\/wp-json\/wp\/v2\/pages\/851\/revisions\/2659"}],"wp:attachment":[{"href":"http:\/\/www.maitea.es\/ca\/wp-json\/wp\/v2\/media?parent=851"}],"curies":[{"name":"wp","href":"https:\/\/api.w.org\/{rel}","templated":true}]}}